{"id":1409,"date":"2021-10-27T11:14:08","date_gmt":"2021-10-27T11:14:08","guid":{"rendered":"https:\/\/www.mimmar.es\/politica-de-cookies\/"},"modified":"2021-10-27T11:14:08","modified_gmt":"2021-10-27T11:14:08","slug":"politica-de-cookies","status":"publish","type":"page","link":"https:\/\/www.mimmar.es\/es\/politica-de-cookies\/","title":{"rendered":"Pol\u00edtica de Cookies"},"content":{"rendered":"\t\t<div data-elementor-type=\"wp-page\" data-elementor-id=\"1409\" class=\"elementor elementor-1409 elementor-21\" data-elementor-post-type=\"page\">\n\t\t\t\t\t\t\t\t\t<section class=\"elementor-section elementor-top-section elementor-element elementor-element-0ece520 elementor-section-boxed elementor-section-height-default elementor-section-height-default\" data-id=\"0ece520\" data-element_type=\"section\">\n\t\t\t\t\t\t<div class=\"elementor-container elementor-column-gap-default\">\n\t\t\t\t\t<div class=\"elementor-column elementor-col-100 elementor-top-column elementor-element elementor-element-05033ac\" data-id=\"05033ac\" data-element_type=\"column\">\n\t\t\t<div class=\"elementor-widget-wrap elementor-element-populated\">\n\t\t\t\t\t\t\t\t<div class=\"elementor-element elementor-element-c7ca017 elementor-widget elementor-widget-heading\" data-id=\"c7ca017\" data-element_type=\"widget\" data-widget_type=\"heading.default\">\n\t\t\t\t<div class=\"elementor-widget-container\">\n\t\t\t<style>\/*! elementor - v3.18.0 - 08-12-2023 *\/\n.elementor-heading-title{padding:0;margin:0;line-height:1}.elementor-widget-heading .elementor-heading-title[class*=elementor-size-]>a{color:inherit;font-size:inherit;line-height:inherit}.elementor-widget-heading .elementor-heading-title.elementor-size-small{font-size:15px}.elementor-widget-heading .elementor-heading-title.elementor-size-medium{font-size:19px}.elementor-widget-heading .elementor-heading-title.elementor-size-large{font-size:29px}.elementor-widget-heading .elementor-heading-title.elementor-size-xl{font-size:39px}.elementor-widget-heading .elementor-heading-title.elementor-size-xxl{font-size:59px}<\/style><h2 class=\"elementor-heading-title elementor-size-default\">Pol\u00edtica de Cookies<\/h2>\t\t<\/div>\n\t\t\t\t<\/div>\n\t\t\t\t\t<\/div>\n\t\t<\/div>\n\t\t\t\t\t\t\t<\/div>\n\t\t<\/section>\n\t\t\t\t<section class=\"elementor-section elementor-top-section elementor-element elementor-element-44d5b79d elementor-section-boxed elementor-section-height-default elementor-section-height-default\" data-id=\"44d5b79d\" data-element_type=\"section\">\n\t\t\t\t\t\t<div class=\"elementor-container elementor-column-gap-default\">\n\t\t\t\t\t<div class=\"elementor-column elementor-col-100 elementor-top-column elementor-element elementor-element-754ab139\" data-id=\"754ab139\" data-element_type=\"column\">\n\t\t\t<div class=\"elementor-widget-wrap elementor-element-populated\">\n\t\t\t\t\t\t\t\t<div class=\"elementor-element elementor-element-1358a6ce elementor-widget elementor-widget-text-editor\" data-id=\"1358a6ce\" data-element_type=\"widget\" data-widget_type=\"text-editor.default\">\n\t\t\t\t<div class=\"elementor-widget-container\">\n\t\t\t<style>\/*! elementor - v3.18.0 - 08-12-2023 *\/\n.elementor-widget-text-editor.elementor-drop-cap-view-stacked .elementor-drop-cap{background-color:#69727d;color:#fff}.elementor-widget-text-editor.elementor-drop-cap-view-framed .elementor-drop-cap{color:#69727d;border:3px solid;background-color:transparent}.elementor-widget-text-editor:not(.elementor-drop-cap-view-default) .elementor-drop-cap{margin-top:8px}.elementor-widget-text-editor:not(.elementor-drop-cap-view-default) .elementor-drop-cap-letter{width:1em;height:1em}.elementor-widget-text-editor .elementor-drop-cap{float:left;text-align:center;line-height:1;font-size:50px}.elementor-widget-text-editor .elementor-drop-cap-letter{display:inline-block}<\/style>\t\t\t\t<p><span style=\"font-weight: 400;\">Morter &amp; Picada, S.L (en adelante, Mimmar) puede utilizar cookies cuando un usuario navega por el mismo. Las cookies son archivos enviados a un navegador por medio de un servidor web para registrar las actividades del usuario en la p\u00e1gina web. Las cookies utilizadas en Mimmar se asocian s\u00f3lo con un usuario an\u00f3nimo y su pc, y no proporcionan por s\u00ed el nombre y apellidos del usuario. El Usuario tiene la posibilidad de configurar su navegador para ser advertido en pantalla de la recepci\u00f3n de cookies y para impedir su instalaci\u00f3n en su disco duro. Para utilizar Mimmar no es necesario que el usuario permita la instalaci\u00f3n de las cookies. Todos los navegadores permiten realizar modificaciones para desactivar la configuraci\u00f3n de las cookies. \u00c9ste es el motivo por el que la mayor\u00eda de navegadores ofrecen la posibilidad de administrar las cookies, para obtener un control m\u00e1s preciso sobre la privacidad.<\/span><\/p>\n<\/p>\n<p><b>CONFIGURACI\u00d3N DEL USUARIO PARA EVITAR COOKIES<\/b><\/p>\n<p><span style=\"font-weight: 400;\">Desde Mimmar y en cumplimiento de la normativa legal vigente, ponemos a tu disposici\u00f3n la informaci\u00f3n que te permita configurar tu navegador\/navegadores de Internet para mantener tu privacidad y seguridad en relaci\u00f3n a las cookies. Por eso, te posibilitamos la informaci\u00f3n de los principales navegadores para que puedas determinar si quieres o no aceptar el uso de cookies.<\/span><\/p>\n<\/p>\n<p><span style=\"font-weight: 400;\">&#8211; Internet Explorer: <a href=\"https:\/\/support.microsoft.com\/es-es\/windows\/eliminar-y-administrar-cookies-168dab11-0753-043d-7c16-ede5947fc64d\" target=\"_blank\" rel=\"noopener\">https:\/\/support.microsoft.com\/es-es\/windows\/eliminar-y-administrar-cookies-168dab11-0753-043d-7c16-ede5947fc64d<\/a><\/span><\/p>\n<p><span style=\"font-weight: 400;\">&#8211; Firefox: <a href=\"http:\/\/support.mozilla.org\/es\/kb\/habilitar-y-deshabilitar-cookies-que-los-sitios-we\" target=\"_blank\" rel=\"noopener\">http:\/\/support.mozilla.org\/es\/kb\/habilitar-y-deshabilitar-cookies-que-los-sitios-we<\/a><\/span><\/p>\n<p><span style=\"font-weight: 400;\">&#8211; Chrome: <a href=\"https:\/\/support.google.com\/chrome\/answer\/95647?hl=es\" target=\"_blank\" rel=\"noopener\">https:\/\/support.google.com\/chrome\/answer\/95647?hl=es<\/a><\/span><\/p>\n<p><span style=\"font-weight: 400;\">&#8211; Safari: <a href=\"https:\/\/support.apple.com\/es-es\/guide\/safari\/sfri11471\/mac\" target=\"_blank\" rel=\"noopener\">https:\/\/support.apple.com\/es-es\/guide\/safari\/sfri11471\/mac<\/a><\/span><\/p>\n<\/p>\n<p><span style=\"font-weight: 400;\">Por \u00faltimo, para las cookies anal\u00edticas y en concreto las correspondientes a Google Analytics descritas anteriormente, existe un COMPLEMENTO DE INHABILITACI\u00d3N POR NAVEGADORES DE GOOGLE ANALYTICS que podr\u00e1 instalar su navegador.<\/span><\/p>\n\t\t\t\t\t\t<\/div>\n\t\t\t\t<\/div>\n\t\t\t\t\t<\/div>\n\t\t<\/div>\n\t\t\t\t\t\t\t<\/div>\n\t\t<\/section>\n\t\t\t\t\t\t\t<\/div>\n\t\t","protected":false},"excerpt":{"rendered":"<p>Pol\u00edtica de Cookies Morter &amp; Picada, S.L (en adelante, Mimmar) puede utilizar cookies cuando un usuario navega por el mismo. Las cookies son archivos enviados a un navegador por medio de un servidor web para registrar las actividades del usuario en la p\u00e1gina web. Las cookies utilizadas en Mimmar se asocian s\u00f3lo con un usuario [&hellip;]<\/p>\n","protected":false},"author":1,"featured_media":0,"parent":0,"menu_order":0,"comment_status":"closed","ping_status":"closed","template":"","meta":{"_joinchat":[]},"_links":{"self":[{"href":"https:\/\/www.mimmar.es\/es\/wp-json\/wp\/v2\/pages\/1409"}],"collection":[{"href":"https:\/\/www.mimmar.es\/es\/wp-json\/wp\/v2\/pages"}],"about":[{"href":"https:\/\/www.mimmar.es\/es\/wp-json\/wp\/v2\/types\/page"}],"author":[{"embeddable":true,"href":"https:\/\/www.mimmar.es\/es\/wp-json\/wp\/v2\/users\/1"}],"replies":[{"embeddable":true,"href":"https:\/\/www.mimmar.es\/es\/wp-json\/wp\/v2\/comments?post=1409"}],"version-history":[{"count":1,"href":"https:\/\/www.mimmar.es\/es\/wp-json\/wp\/v2\/pages\/1409\/revisions"}],"predecessor-version":[{"id":1410,"href":"https:\/\/www.mimmar.es\/es\/wp-json\/wp\/v2\/pages\/1409\/revisions\/1410"}],"wp:attachment":[{"href":"https:\/\/www.mimmar.es\/es\/wp-json\/wp\/v2\/media?parent=1409"}],"curies":[{"name":"wp","href":"https:\/\/api.w.org\/{rel}","templated":true}]}}